{"id":586,"date":"2023-06-09T14:30:34","date_gmt":"2023-06-09T14:30:34","guid":{"rendered":"https:\/\/platform.car-master.eu\/?page_id=586"},"modified":"2023-10-18T12:31:30","modified_gmt":"2023-10-18T12:31:30","slug":"car-master-privacy-policy","status":"publish","type":"page","link":"https:\/\/platform.car-master.eu\/cs\/car-master-privacy-policy\/","title":{"rendered":"Z\u00e1sady ochrany osobn\u00edch \u00fadaj\u016f platformy CAR Master"},"content":{"rendered":"<p>V souladu s evropsk\u00fdm z\u00e1konem o ochran\u011b osobn\u00edch \u00fadaj\u016f \u2013 obecn\u00fdm na\u0159\u00edzen\u00edm o ochran\u011b osobn\u00edch \u00fadaj\u016f (GDPR) &#8211; bychom v\u00e1s r\u00e1di informovali, \u017ee va\u0161e osobn\u00ed \u00fadaje, kter\u00e9 poskytnete pro p\u0159\u00edstup k platform\u011b CAR Master, jsou pou\u017e\u00edv\u00e1ny pouze pro administrativn\u00ed \u00fa\u010dely. Podrobnosti naleznete v na\u0161ich Z\u00e1sad\u00e1ch ochrany osobn\u00edch \u00fadaj\u016f.<\/p>\n<p>Kdykoli se v n\u00e1sleduj\u00edc\u00edch Z\u00e1sad\u00e1ch ochrany osobn\u00edch \u00fadaj\u016f hovo\u0159\u00ed o &#8222;slu\u017eb\u011b&#8220;, rozum\u00ed se t\u00edm CAR Master v\u00fdukov\u00e1 platforma vytvo\u0159en\u00e1 v r\u00e1mci projektu CAR Master (\u010d\u00edslo projektu 2021-1-CZ01-KA220-VET-000033332), kter\u00e1 je dostupn\u00e1 na adrese <a href=\"https:\/\/platform.car-master.eu\/\">https:\/\/platform.car-master.eu\/<\/a> a byla financov\u00e1na Evropskou komis\u00ed v r\u00e1mci programu Erasmus+.<\/p>\n<p>Spole\u010dnost Danmar Computers Sp. z o.o., se s\u00eddlem v Rzesz\u00f3w\u011b, 35-068, ul. Grunwaldzka 16C, zapsan\u00e1 u Okresn\u00edho soudu v Rzesz\u00f3w\u011b, XII. obchodn\u00ed odd\u011blen\u00ed N\u00e1rodn\u00edho soudn\u00edho rejst\u0159\u00edku, \u010d\u00edslo KRS 0000366024, dr\u017eitelka da\u0148ov\u00e9ho identifika\u010dn\u00edho \u010d\u00edsla NIP: 813-36-35-049 a statistick\u00e9ho \u010d\u00edsla REGON 180614900, je spr\u00e1vcem osobn\u00edch \u00fadaj\u016f poskytnut\u00fdch v souvislosti s vyu\u017e\u00edv\u00e1n\u00edm slu\u017eby, d\u00e1le jen &#8222;osobn\u00ed \u00fadaje&#8220;. Poskytnut\u00e9 osobn\u00ed \u00fadaje jsou zpracov\u00e1v\u00e1ny v souladu s na\u0159\u00edzen\u00edm Evropsk\u00e9ho parlamentu a Rady (EU) 2016\/679 ze dne 27. dubna 2016 o ochran\u011b fyzick\u00fdch osob v souvislosti se zpracov\u00e1n\u00edm osobn\u00edch \u00fadaj\u016f a o voln\u00e9m pohybu t\u011bchto informac\u00ed.<\/p>\n<p>V\u00e1\u0161 souhlas s poskytov\u00e1n\u00edm slu\u017eeb ze strany spole\u010dnosti Danmar Computers znamen\u00e1 tak\u00e9, \u017ee souhlas\u00edte se shroma\u017e\u010fov\u00e1n\u00edm informac\u00ed a jejich pou\u017e\u00edv\u00e1n\u00edm zp\u016fsobem, kter\u00fd je v souladu se z\u00e1sadami uveden\u00fdmi v tomto dokumentu.<\/p>\n<p>Zpracov\u00e1van\u00e9 osobn\u00ed \u00fadaje jsou uchov\u00e1v\u00e1ny po dobu vyu\u017e\u00edv\u00e1n\u00ed slu\u017eby. V p\u0159\u00edpad\u011b, \u017ee slu\u017eba nebyla po dobu 12 m\u011bs\u00edc\u016f pou\u017e\u00edv\u00e1na (zp\u0159\u00edstupn\u011bna), mohou b\u00fdt Osobn\u00ed \u00fadaje v souladu s t\u011bmito Z\u00e1sadami ochrany osobn\u00edch \u00fadaj\u016f trvale vymaz\u00e1ny.<\/p>\n<p>U\u017eivatel m\u00e1 pr\u00e1vo kdykoli odvolat ud\u011blen\u00fd souhlas se zpracov\u00e1n\u00edm Osobn\u00edch \u00fadaj\u016f. Odvol\u00e1n\u00ed souhlasu nem\u00e1 vliv na z\u00e1konnost zpracov\u00e1n\u00ed zalo\u017een\u00e9ho na souhlasu p\u0159ed jeho odvol\u00e1n\u00edm. U\u017eivatel m\u00e1 pr\u00e1vo podat st\u00ed\u017enost u dozorov\u00e9ho \u00fa\u0159adu.<\/p>\n<p><strong>Jak\u00e9 \u00fadaje shroma\u017e\u010fujeme<\/strong><\/p>\n<p>Abyste mohli slu\u017ebu vyu\u017e\u00edvat, mus\u00edte poskytnout n\u011bkter\u00e9 osobn\u00ed \u00fadaje (jm\u00e9no a p\u0159\u00edjmen\u00ed, e-mailovou adresu a voliteln\u011b \u00fadaje, kter\u00e9 lze uv\u00e9st nav\u00edc v profilu). V p\u0159\u00edpad\u011b, \u017ee tyto \u00fadaje neposkytnete, nebudeme v\u00e1m moci poskytnout p\u0159\u00edstup ke slu\u017eb\u011b.<\/p>\n<p>Je d\u016fle\u017eit\u00e9 si uv\u011bdomit, \u017ee souhlas t\u0159et\u00edch stran je vy\u017eadov\u00e1n v p\u0159\u00edpad\u011b, \u017ee jsou spole\u010dnosti Danmar Computers poskytov\u00e1ny Osobn\u00ed \u00fadaje t\u0159et\u00edch stran. Spole\u010dnost Danmar Computers \u017e\u00e1d\u00e1, aby v\u0161echny poskytnut\u00e9 Osobn\u00ed \u00fadaje byly platn\u00e9, p\u0159esn\u00e9, aktu\u00e1ln\u00ed a aby ve\u0161ker\u00e9 zm\u011bny byly provedeny co nejd\u0159\u00edve.<\/p>\n<p>P\u0159i ka\u017ed\u00e9m p\u0159\u00edstupu ke slu\u017eb\u011b n\u00e1\u0161 s\u00ed\u0165ov\u00fd server automaticky stahuje informace souvisej\u00edc\u00ed s n\u00e1v\u0161t\u011bvou. Tyto informace zahrnuj\u00ed: adresu URL dom\u00e9ny nebo dom\u00e9nu webov\u00e9 str\u00e1nky, typ pou\u017eit\u00e9ho prohl\u00ed\u017ee\u010de, opera\u010dn\u00ed syst\u00e9m, webov\u00e9 str\u00e1nky, kter\u00e9 byly nav\u0161t\u00edveny, a datum a \u010das n\u00e1v\u0161t\u011bvy. Pseudonymizovan\u00e9 \u00fadaje o n\u00e1v\u0161t\u011bv\u00e1ch jsou nav\u00edc shroma\u017e\u010fov\u00e1ny a pou\u017e\u00edv\u00e1ny v\u00fdhradn\u011b za \u00fa\u010delem poskytov\u00e1n\u00ed technick\u00e9 podpory a tak\u00e9 k zaji\u0161t\u011bn\u00ed na\u0161ich pr\u00e1v v p\u0159\u00edpad\u011b naru\u0161en\u00ed bezpe\u010dnosti nebo poru\u0161en\u00ed pou\u017e\u00edv\u00e1n\u00ed slu\u017eby. Pokud jsou takov\u00e9 informace p\u0159i\u0159azeny v\u00e1m, je takov\u00fd postup proveden v souladu s t\u011bmito Z\u00e1sadami ochrany osobn\u00edch \u00fadaj\u016f.<\/p>\n<p>V\u0161echny \u00fadaje pot\u0159ebn\u00e9 k p\u0159ihl\u00e1\u0161en\u00ed odes\u00edlan\u00e9 mezi n\u00e1v\u0161t\u011bvn\u00edkem slu\u017eby a spole\u010dnost\u00ed Danmar Computers jsou \u0161ifrovan\u00e9, co\u017e pom\u00e1h\u00e1 minimalizovat riziko \u00faniku dat.<\/p>\n<p><strong>\u00da\u010del pou\u017eit\u00ed informac\u00ed<\/strong><\/p>\n<p>C\u00edlem shroma\u017e\u010fov\u00e1n\u00ed osobn\u00edch \u00fadaj\u016f spole\u010dnost\u00ed Danmar Computers je poskytnout u\u017eivatel\u016fm bezpe\u010dn\u00fd, bezprobl\u00e9mov\u00fd a na m\u00edru \u0161it\u00fd p\u0159\u00edstup ke slu\u017eb\u011b. Osobn\u00ed \u00fadaje poskytnut\u00e9 spole\u010dnosti Danmar Computers nav\u00edc spole\u010dnost Danmar Computers pou\u017e\u00edv\u00e1 za \u00fa\u010delem registrace U\u017eivatele a umo\u017en\u011bn\u00ed p\u0159\u00edstupu ke slu\u017eb\u011b.<\/p>\n<p>Osobn\u00ed \u00fadaje nebo jejich \u010d\u00e1sti mohou b\u00fdt tak\u00e9 sd\u00edleny s ostatn\u00edmi u\u017eivateli slu\u017eby v z\u00e1vislosti na nastaven\u00ed profilu u\u017eivatele.<\/p>\n<p>Spole\u010dnost Danmar Computers shroma\u017e\u010fuje a zpracov\u00e1v\u00e1 Osobn\u00ed \u00fadaje U\u017eivatele, p\u0159\u00edpadn\u011b k tomu jm\u00e9nem sdru\u017een\u00ed pov\u011b\u0159uje t\u0159et\u00ed osoby, a to v rozsahu, kter\u00fd je povolen nebo nezbytn\u00fd k poskytov\u00e1n\u00ed slu\u017eeb U\u017eivateli a pomoci p\u0159i \u0159e\u0161en\u00ed probl\u00e9m\u016f, porovn\u00e1v\u00e1n\u00ed informac\u00ed za \u00fa\u010delem zaji\u0161t\u011bn\u00ed jejich spr\u00e1vnosti, \u0159e\u0161en\u00ed spor\u016f, ov\u011b\u0159ov\u00e1n\u00ed toto\u017enosti u\u017eivatele, \u00faprav\u011b, anal\u00fdze a zlep\u0161ov\u00e1n\u00ed slu\u017eby, k ochran\u011b z\u00e1jm\u016f u\u017eivatele a spole\u010dnosti Danmar Computers a k prevenci a boji proti podvod\u016fm. Poskytnut\u00e9 osobn\u00ed \u00fadaje mohou b\u00fdt tak\u00e9 pou\u017eity k poskytov\u00e1n\u00ed technick\u00e9 podpory, k v\u00fdvoji nov\u00fdch funkc\u00ed na z\u00e1klad\u011b poskytovan\u00e9 slu\u017eby a tak\u00e9 k jejich vylep\u0161en\u00ed s c\u00edlem zv\u00fd\u0161it snadnost pou\u017e\u00edv\u00e1n\u00ed slu\u017eby.<\/p>\n<p><strong>Z\u00e1sady uchov\u00e1v\u00e1n\u00ed a z\u00e1lohov\u00e1n\u00ed dat<\/strong><\/p>\n<p>V\u0161echny produk\u010dn\u00ed syst\u00e9my jsou zabezpe\u010deny ka\u017edodenn\u00edm z\u00e1lohov\u00e1n\u00edm, kter\u00e9 umo\u017e\u0148uje spole\u010dnosti Danmar Computers rychle reagovat v p\u0159\u00edpad\u011b neo\u010dek\u00e1van\u00fdch ud\u00e1lost\u00ed, jako je nap\u0159\u00edklad selh\u00e1n\u00ed hardwaru. To znamen\u00e1, \u017ee jakmile je p\u0159ijata \u017e\u00e1dost o odstran\u011bn\u00ed osobn\u00edch \u00fadaj\u016f, jsou tyto \u00fadaje bez zbyte\u010dn\u00e9ho odkladu odstran\u011bny z produk\u010dn\u00edch syst\u00e9m\u016f, ale jsou st\u00e1le p\u0159\u00edtomny v z\u00e1loh\u00e1ch. Osobn\u00ed \u00fadaje jsou nakonec zcela odstran\u011bny po \u00fapln\u00e9m cyklu z\u00e1lohov\u00e1n\u00ed, kter\u00fd trv\u00e1 a\u017e 60 kalend\u00e1\u0159n\u00edch dn\u016f.<\/p>\n<p><strong>Zp\u0159\u00edstupn\u011bn\u00ed \u00fadaj\u016f t\u0159et\u00edm stran\u00e1m<\/strong><\/p>\n<p>Shrom\u00e1\u017ed\u011bn\u00e9 Osobn\u00ed \u00fadaje nebudou prod\u00e1ny ani \u017e\u00e1dn\u00fdm zp\u016fsobem zp\u0159\u00edstupn\u011bny t\u0159et\u00edm stran\u00e1m, leda\u017ee by povinnost tak u\u010dinit vypl\u00fdvala ze z\u00e1kona, v p\u0159\u00edpad\u011b poru\u0161en\u00ed platn\u00fdch p\u0159edpis\u016f nebo za \u00fa\u010delem ochrany pr\u00e1v spole\u010dnosti Danmar Computers nebo jin\u00fdch osob p\u0159ed nez\u00e1konn\u00fdm nebo \u0161kodliv\u00fdm jedn\u00e1n\u00edm.<\/p>\n<p>Spole\u010dnost Danmar Computers by mohla b\u00fdt po\u017e\u00e1d\u00e1na zp\u0159\u00edstupnit osobn\u00ed \u00fadaje N\u00e1rodn\u00ed agentu\u0159e Erasmus+, kter\u00e1 je odpov\u011bdn\u00e1 za konkr\u00e9tn\u00ed projekt, za \u00fa\u010delem kontroly. Takovou \u017e\u00e1dost by mohl N\u00e1rodn\u00ed agentu\u0159e programu Erasmus+ vydat tak\u00e9 kontroln\u00ed org\u00e1n, a to Evropsk\u00e1 komise.<\/p>\n<p>Spole\u010dnost Danmar Computers si vyhrazuje pr\u00e1vo zp\u0159\u00edstupnit osobn\u00ed \u00fadaje n\u011bkter\u00fdm t\u0159et\u00edm stran\u00e1m, kter\u00e9 spole\u010dnost Danmar Computers naj\u00edm\u00e1 jako subdodavatele k prov\u00e1d\u011bn\u00ed n\u011bkter\u00fdch b\u011b\u017en\u00fdch obchodn\u00edch \u010dinnost\u00ed. Je t\u0159eba poznamenat, \u017ee spole\u010dnost Danmar Computers vynalo\u017e\u00ed n\u00e1le\u017eitou p\u00e9\u010di, aby zajistila, \u017ee t\u0159et\u00ed strany, kter\u00fdm maj\u00ed b\u00fdt Osobn\u00ed \u00fadaje zp\u0159\u00edstupn\u011bny pro v\u00fd\u0161e uveden\u00e9 \u00fa\u010dely, budou se zp\u0159\u00edstupn\u011bn\u00fdmi Osobn\u00edmi \u00fadaji nakl\u00e1dat v souladu se Z\u00e1sadami ochrany osobn\u00edch \u00fadaj\u016f spole\u010dnosti Danmar Computers a zp\u016fsobem, kter\u00fd je v souladu s platn\u00fdmi pr\u00e1vn\u00edmi p\u0159edpisy. Krom\u011b toho mohou b\u00fdt Osobn\u00ed \u00fadaje U\u017eivatele zp\u0159\u00edstupn\u011bny v p\u0159\u00edpad\u011b prodeje nebo restrukturalizace spole\u010dnosti Danmar Computers.<\/p>\n<p><strong>Soubory cookie<\/strong><\/p>\n<p>Pou\u017e\u00edv\u00e1n\u00ed soubor\u016f cookie spole\u010dnost\u00ed Danmar Computers je nezbytn\u00e9 k zaji\u0161t\u011bn\u00ed optim\u00e1ln\u00ed funk\u010dnosti slu\u017eby. Cookies jsou ukl\u00e1d\u00e1ny na pevn\u00fd disk spole\u010dnosti Danmar Computers a mohou b\u00fdt pou\u017eity k p\u0159izp\u016fsoben\u00ed individu\u00e1ln\u00edch preferenc\u00ed u\u017eivatel\u016f a ke shroma\u017e\u010fov\u00e1n\u00ed obecn\u00fdch statistick\u00fdch \u00fadaj\u016f.<\/p>\n<p><strong>Zm\u011bny osobn\u00edch \u00fadaj\u016f<\/strong><\/p>\n<p>U\u017eivatel m\u00e1 pr\u00e1vo po\u017eadovat p\u0159\u00edstup k osobn\u00edm \u00fadaj\u016fm a jejich opravu nebo v\u00fdmaz (&#8222;pr\u00e1vo b\u00fdt zapomenut&#8220;) nebo omezen\u00ed zpracov\u00e1n\u00ed t\u00fdkaj\u00edc\u00ed se subjektu \u00fadaj\u016f nebo vzn\u00e9st n\u00e1mitku proti zpracov\u00e1n\u00ed, jako\u017e i pr\u00e1vo na p\u0159enositelnost \u00fadaj\u016f. N\u011bkter\u00e9 informace lze zobrazit a upravovat prost\u0159ednictv\u00edm internetu pomoc\u00ed internetov\u00e9ho prohl\u00ed\u017ee\u010de po p\u0159ihl\u00e1\u0161en\u00ed ke slu\u017eb\u011b poskytovan\u00e9 spole\u010dnost\u00ed Danmar Computers.<\/p>\n<p>Spole\u010dnost Danmar Computers odpov\u00edd\u00e1 na \u017e\u00e1dosti t\u00fdkaj\u00edc\u00ed se zobrazen\u00ed, opravy, dopln\u011bn\u00ed a vymaz\u00e1n\u00ed osobn\u00edch \u00fadaj\u016f v p\u0159im\u011b\u0159en\u00e9 lh\u016ft\u011b a po ov\u011b\u0159en\u00ed toto\u017enosti u\u017eivatele.<\/p>\n<p>Spole\u010dnost Danmar Computers vynalo\u017e\u00ed ve\u0161ker\u00e9 p\u0159im\u011b\u0159en\u00e9 \u00fasil\u00ed, aby vyhov\u011bla \u017e\u00e1dostem u\u017eivatel\u016f o vymaz\u00e1n\u00ed Osobn\u00edch \u00fadaj\u016f, pokud tyto \u00fadaje nen\u00ed nutn\u00e9 uchov\u00e1vat z d\u016fvodu platn\u00fdch pr\u00e1vn\u00edch p\u0159edpis\u016f nebo pro z\u00e1konn\u00e9 obchodn\u00ed \u00fa\u010dely.<\/p>\n<p><strong>Deaktivace \u00fa\u010dtu<\/strong><\/p>\n<p>Pot\u00e9, co spole\u010dnost Danmar Computers obdr\u017e\u00ed \u017e\u00e1dost o vymaz\u00e1n\u00ed osobn\u00edch \u00fadaj\u016f, budou p\u0159\u00edslu\u0161n\u00e9 osobn\u00ed \u00fadaje bez zbyte\u010dn\u00e9ho odkladu zablokov\u00e1ny a p\u0159\u00edstup ke slu\u017eb\u011b ji\u017e nebude mo\u017en\u00fd. Osobn\u00ed \u00fadaje budou ulo\u017eeny po dobu a\u017e 30 kalend\u00e1\u0159n\u00edch dn\u016f, co\u017e umo\u017en\u00ed jejich obnoven\u00ed v p\u0159\u00edpad\u011b, \u017ee \u017e\u00e1dost o deaktivaci \u00fa\u010dtu byla pod\u00e1na omylem. Po uplynut\u00ed 30 kalend\u00e1\u0159n\u00edch dn\u016f ji\u017e obnoven\u00ed Osobn\u00edch \u00fadaj\u016f nebude mo\u017en\u00e9.<\/p>\n<p>Aby byly zachov\u00e1ny prob\u00edhaj\u00edc\u00ed aktivity a aby nedo\u0161lo ke zmaten\u00ed ostatn\u00edch u\u017eivatel\u016f, nebude ur\u010dit\u00fd obsah smaz\u00e1n. Pat\u0159\u00ed sem v\u0161echny informace poskytnut\u00e9 a dosud zadan\u00e9 do slu\u017eby (jako jsou nap\u0159\u00edklad zpr\u00e1vy nebo soubory). Po deaktivaci \u00fa\u010dtu budou tyto informace ozna\u010deny jako &#8222;Deaktivovan\u00fd u\u017eivatel&#8220;. P\u0159ed \u017e\u00e1dost\u00ed o deaktivaci \u00fa\u010dtu lze v\u00fd\u0161e uveden\u00fd obsah ru\u010dn\u011b vymazat.<\/p>\n<p><strong>D\u011bti<\/strong><\/p>\n<p>Slu\u017eba nen\u00ed ur\u010dena pro d\u011bti mlad\u0161\u00ed 18 let a nen\u00ed ani ur\u010dena k upout\u00e1n\u00ed jejich pozornosti. Spole\u010dnost Danmar Computers neshroma\u017e\u010fuje osobn\u00ed \u00fadaje od d\u011bt\u00ed mlad\u0161\u00edch 18 let a v n\u011bkter\u00fdch jurisdikc\u00edch od d\u011bt\u00ed star\u0161\u00edch 18 let z\u00e1m\u011brn\u011b a \u00famysln\u011b. Doporu\u010dujeme rodi\u010d\u016fm, aby se zaj\u00edmali o \u010dinnost sv\u00fdch d\u011bt\u00ed na internetu, abychom zaru\u010dili, \u017ee od d\u011bt\u00ed nebudou z\u00edsk\u00e1v\u00e1ny \u017e\u00e1dn\u00e9 informace bez souhlasu rodi\u010d\u016f.<\/p>\n<p><strong>Bezpe\u010dnost<\/strong><\/p>\n<p>Spole\u010dnost Danmar Computers pou\u017e\u00edv\u00e1 technick\u00e9 a organiza\u010dn\u00ed prost\u0159edky k ochran\u011b osobn\u00edch \u00fadaj\u016f shrom\u00e1\u017ed\u011bn\u00fdch spole\u010dnost\u00ed Danmar Computers p\u0159ed neopr\u00e1vn\u011bn\u00fdm p\u0159\u00edstupem nebo nespr\u00e1vn\u00fdm pou\u017eit\u00edm neopr\u00e1vn\u011bn\u00fdmi osobami. Pou\u017eit\u00e9 metody a technick\u00e9 prost\u0159edky jsou zdokonalov\u00e1ny spolu s v\u00fdvojem nov\u00fdch technologi\u00ed, pot\u0159eb a dostupn\u00fdch metod ochrany.<\/p>\n<p><strong>Ochrana a ukl\u00e1d\u00e1n\u00ed dat<\/strong><\/p>\n<p>Informace shrom\u00e1\u017ed\u011bn\u00e9 spole\u010dnost\u00ed Danmar Computers jsou uchov\u00e1v\u00e1ny po p\u0159im\u011b\u0159enou dobu, aby je bylo mo\u017en\u00e9 pou\u017e\u00edt pro \u00fa\u010dely zde uveden\u00e9. Spole\u010dnost Danmar Computers m\u016f\u017ee vyu\u017e\u00edvat slu\u017eeb t\u0159et\u00edch stran (spole\u010dnost\u00ed) za \u00fa\u010delem shroma\u017e\u010fov\u00e1n\u00ed a uchov\u00e1v\u00e1n\u00ed shrom\u00e1\u017ed\u011bn\u00fdch informac\u00ed sv\u00fdm jm\u00e9nem. V\u0161echny tyto spole\u010dnosti budou muset spl\u0148ovat po\u017eadavky t\u011bchto Z\u00e1sad ochrany osobn\u00edch \u00fadaj\u016f.<\/p>\n<p><strong>Zm\u011bny Z\u00e1sad ochrany osobn\u00edch \u00fadaj\u016f<\/strong><\/p>\n<p>Spole\u010dnost Danmar Computers si vyhrazuje pr\u00e1vo kdykoli zm\u011bnit ustanoven\u00ed t\u011bchto Z\u00e1sad ochrany osobn\u00edch \u00fadaj\u016f. Pr\u00e1va U\u017eivatele vypl\u00fdvaj\u00edc\u00ed z t\u011bchto Z\u00e1sad ochrany osobn\u00edch \u00fadaj\u016f nebudou omezena bez souhlasu u\u017eivatele.<\/p>\n<p>Ve\u0161ker\u00e9 zm\u011bny t\u011bchto Z\u00e1sad ochrany osobn\u00edch \u00fadaj\u016f budou p\u0159ehledn\u011b zve\u0159ejn\u011bny na str\u00e1nk\u00e1ch slu\u017eby nab\u00edzen\u00e9 spole\u010dnost\u00ed Danmar Computers. U\u017eivatel\u00e9 slu\u017eby spole\u010dnosti Danmar Computers jsou v\u00e1z\u00e1ni aktu\u00e1ln\u00ed verz\u00ed Z\u00e1sad ochrany osobn\u00edch \u00fadaj\u016f. P\u0159edchoz\u00ed verze t\u011bchto Z\u00e1sad ochrany osobn\u00edch \u00fadaj\u016f jsou ulo\u017eeny v archivu, aby se s nimi u\u017eivatel\u00e9 mohli v p\u0159\u00edpad\u011b pot\u0159eby sezn\u00e1mit.<\/p>\n<p><strong>Kontakt<\/strong><\/p>\n<p>Ve\u0161ker\u00e9 \u017e\u00e1dosti o p\u0159\u00edstup k va\u0161im \u00fadaj\u016fm, jejich \u00fapravu nebo dotazy t\u00fdkaj\u00edc\u00ed se t\u011bchto z\u00e1sad ochrany osobn\u00edch \u00fadaj\u016f zas\u00edlejte prost\u0159ednictv\u00edm kontaktn\u00edho formul\u00e1\u0159e, e-mailem nebo p\u00edsemn\u011b na n\u00e1sleduj\u00edc\u00ed adresu:<\/p>\n<p>Danmar Computers Sp. z o.o.<\/p>\n<p>Grunwaldzka 16C<\/p>\n<p>35-068 Rzeszow<\/p>\n<p>Polsko<\/p>","protected":false},"excerpt":{"rendered":"<p>V souladu s evropsk\u00fdm z\u00e1konem o ochran\u011b osobn\u00edch \u00fadaj\u016f \u2013 obecn\u00fdm na\u0159\u00edzen\u00edm o ochran\u011b osobn\u00edch \u00fadaj\u016f (GDPR) &#8211; bychom v\u00e1s&hellip;&nbsp;<a href=\"https:\/\/platform.car-master.eu\/cs\/car-master-privacy-policy\/\" rel=\"bookmark\">\u010c\u00edst d\u00e1le &raquo;<span class=\"screen-reader-text\">Z\u00e1sady ochrany osobn\u00edch \u00fadaj\u016f platformy CAR Master<\/span><\/a><\/p>\n","protected":false},"author":1,"featured_media":0,"parent":0,"menu_order":0,"comment_status":"closed","ping_status":"closed","template":"","meta":{"neve_meta_sidebar":"","neve_meta_container":"","neve_meta_enable_content_width":"off","neve_meta_content_width":100,"neve_meta_title_alignment":"","neve_meta_author_avatar":"","neve_post_elements_order":"","neve_meta_disable_header":"","neve_meta_disable_footer":"","neve_meta_disable_title":"","footnotes":""},"class_list":["post-586","page","type-page","status-publish","hentry"],"_links":{"self":[{"href":"https:\/\/platform.car-master.eu\/cs\/wp-json\/wp\/v2\/pages\/586","targetHints":{"allow":["GET"]}}],"collection":[{"href":"https:\/\/platform.car-master.eu\/cs\/wp-json\/wp\/v2\/pages"}],"about":[{"href":"https:\/\/platform.car-master.eu\/cs\/wp-json\/wp\/v2\/types\/page"}],"author":[{"embeddable":true,"href":"https:\/\/platform.car-master.eu\/cs\/wp-json\/wp\/v2\/users\/1"}],"replies":[{"embeddable":true,"href":"https:\/\/platform.car-master.eu\/cs\/wp-json\/wp\/v2\/comments?post=586"}],"version-history":[{"count":3,"href":"https:\/\/platform.car-master.eu\/cs\/wp-json\/wp\/v2\/pages\/586\/revisions"}],"predecessor-version":[{"id":1004,"href":"https:\/\/platform.car-master.eu\/cs\/wp-json\/wp\/v2\/pages\/586\/revisions\/1004"}],"wp:attachment":[{"href":"https:\/\/platform.car-master.eu\/cs\/wp-json\/wp\/v2\/media?parent=586"}],"curies":[{"name":"wp","href":"https:\/\/api.w.org\/{rel}","templated":true}]}}