{"id":586,"date":"2023-06-09T14:30:34","date_gmt":"2023-06-09T14:30:34","guid":{"rendered":"https:\/\/platform.car-master.eu\/?page_id=586"},"modified":"2023-10-18T12:31:30","modified_gmt":"2023-10-18T12:31:30","slug":"car-master-privacy-policy","status":"publish","type":"page","link":"https:\/\/platform.car-master.eu\/de\/car-master-privacy-policy\/","title":{"rendered":"CAR Master Datenschutzerkl\u00e4rung"},"content":{"rendered":"<p>In \u00dcbereinstimmung mit dem europ\u00e4ischen Gesetz zum Schutz personenbezogener Daten \u2013 der Datenschutz-Grundverordnung (DSGVO) \u2013 m\u00f6chten wir Sie dar\u00fcber informieren, dass Ihre personenbezogenen Daten, die Sie angeben m\u00fcssen, um Zugang zur CAR Master-Plattform zu erhalten, nur zu Verwaltungszwecken verwendet werden. Weitere Informationen finden Sie in unserer Datenschutzerkl\u00e4rung.<\/p>\n<p>Wenn in der folgenden Datenschutzerkl\u00e4rung von &#8222;Dienstleistung\/Service&#8220; die Rede ist, ist damit die Nutzung der Lernplattform CAR Master gemeint, die im Rahmen des ERASMUS+ Projekts CAR Master (Projektnummer 2021-1-CZ01-KA220-VET-000033332) erstellt wurde und unter <a href=\"https:\/\/platform.car-master.eu\/\">https:\/\/platform.car-master.eu\/ verf\u00fcgbar ist <\/a>und von der Europ\u00e4ischen Kommission im Rahmen des Erasmus+-Programms finanziert wird.<\/p>\n<p>Danmar Computers Sp. z o.o., mit Sitz in Rzesz\u00f3w\/Polen, 35-068, ul. Grunwaldzka 16C, eingetragen beim Amtsgericht in Rzesz\u00f3w, XII. Handelsabteilung der Kanzlei des Landesgerichts, KRS-Nummer 0000366024, Inhaber der Steueridentifikationsnummer NIP: 813-36-35-049 und der statistischen Nummer REGON 180614900, ist Verwalter der personenbezogenen Daten, die im Zusammenhang mit der Nutzung des Dienstes zur Verf\u00fcgung gestellt werden, im Folgenden als &#8222;personenbezogene Daten&#8220; bezeichnet. Die Verarbeitung der bereitgestellten personenbezogenen Daten erfolgt in \u00dcbereinstimmung mit der Verordnung (EU) 2016\/679 des Europ\u00e4ischen Parlaments und des Rates vom 27. April 2016 zum Schutz nat\u00fcrlicher Personen bei der Verarbeitung personenbezogener Daten und zum freien Datenverkehr.<\/p>\n<p>Die Nutzung der Dienstleistungen von Danmar Computers Sp. z o.o. impliziert, dass Sie mit der Praxis des Sammelns von Informationen und der Verwendung dieser Informationen in \u00dcbereinstimmung mit den hier angegebenen Grunds\u00e4tzen einverstanden sind.<\/p>\n<p>Die verarbeiteten personenbezogenen Daten werden f\u00fcr die Dauer der Nutzung des Dienstes gespeichert. Falls der Dienst f\u00fcr den Zeitraum von 12 Monaten nicht genutzt (abgerufen) wurde, k\u00f6nnen die personenbezogenen Daten in \u00dcbereinstimmung mit dieser Datenschutzrichtlinie dauerhaft gel\u00f6scht werden.<\/p>\n<p>Der Nutzer hat das Recht, die erteilte Einwilligung zur Verarbeitung personenbezogener Daten jederzeit zu widerrufen. Durch den Widerruf der Einwilligung wird die Rechtm\u00e4\u00dfigkeit der aufgrund der Einwilligung bis zum Widerruf erfolgten Verarbeitung nicht ber\u00fchrt. Der Nutzer hat das Recht, eine Beschwerde bei einer Aufsichtsbeh\u00f6rde einzureichen.<\/p>\n<p><strong>Welche Art von Daten wird erhoben:<\/strong><\/p>\n<p>Um die Plattform nutzen zu k\u00f6nnen, m\u00fcssen Sie einige personenbezogene Daten angeben (Vor- und Nachname, E-Mail-Adresse und optional Daten, die zus\u00e4tzlich im Profil angegeben werden k\u00f6nnen). Falls Sie diese Informationen nicht zur Verf\u00fcgung stellen, k\u00f6nnen wir Ihnen keinen Zugang zur Plattform gew\u00e4hren.<\/p>\n<p>Es ist wichtig zu beachten, dass die Zustimmung Dritter erforderlich ist, wenn personenbezogene Daten Dritter an Danmar Computers Sp. z o.o. weitergegeben werden.<\/p>\n<p>Danmar Computers Sp. z o.o. bittet darum, dass alle zur Verf\u00fcgung gestellten personenbezogenen Daten g\u00fcltig, genau und aktuell sind und alle \u00c4nderungen so schnell wie m\u00f6glich vorgenommen werden.<\/p>\n<p>Jedes Mal, wenn Sie auf die Plattform zugreifen, l\u00e4dt unser Netzwerkserver automatisch besuchsbezogene Informationen herunter. Zu diesen Informationen geh\u00f6ren: Domain-URL oder Website-Domain, der verwendete Browsertyp, das Betriebssystem, die aufgerufenen Websites sowie Datum und Uhrzeit des Besuchs.<\/p>\n<p>Dar\u00fcber hinaus werden pseudonymisierte Daten \u00fcber die Besuche ausschlie\u00dflich zum Zweck der Bereitstellung von technischem Support und auch zur Sicherung unserer Rechte im Falle einer Sicherheitsverletzung oder eines Versto\u00dfes gegen die Nutzung des Dienstes erhoben und verwendet. Wenn Ihnen solche Informationen zugeordnet werden, werden diese Ma\u00dfnahmen in \u00dcbereinstimmung mit dieser Datenschutzrichtlinie ergriffen.<\/p>\n<p>Alle Daten, die f\u00fcr die Anmeldung erforderlich sind und zwischen dem Besucher der Plattform und Danmar Computers Sp. z o.o. gesendet werden, werden verschl\u00fcsselt, was dazu beitr\u00e4gt, das Risiko von Datenlecks zu minimieren.<\/p>\n<p><strong>Zweck der Informationsnutzung<\/strong><\/p>\n<p>Die Erhebung personenbezogener Daten durch Danmar Computers Sp. z o.o. zielt darauf ab, den Nutzern einen sicheren, st\u00f6rungsfreien und ma\u00dfgeschneiderten Zugang zur Plattform zu erm\u00f6glichen. Dar\u00fcber hinaus werden die personenbezogenen Daten, die Danmar Computers Sp. z o.o. zur Verf\u00fcgung gestellt werden, von Danmar Computers Sp. z o.o. verwendet, um den Benutzer zu registrieren und den Zugang zum Dienst zu erm\u00f6glichen.<\/p>\n<p>Personenbezogene Daten oder Teile davon k\u00f6nnen je nach den Einstellungen des Benutzerprofils auch an andere Benutzer des Dienstes weitergegeben werden.<\/p>\n<p>Die Firma Danmar Computers Sp. z o.o.\u00a0 erhebt personenbezogene Daten des Nutzers und verarbeitet diese im Auftrag des Projektkonsortiums, soweit dies zul\u00e4ssig oder notwendig ist, um dem Nutzer Dienstleistungen und Unterst\u00fctzung bei Probleml\u00f6sungen zu bieten, Informationen zu vergleichen, um ihre Richtigkeit zu gew\u00e4hrleisten, Streitigkeiten beizulegen, die Identit\u00e4t des Nutzers zu \u00fcberpr\u00fcfen, den Dienst anzupassen, zu analysieren und zu verbessern, um die Interessen des Nutzers und von Danmar Computers Sp. z o.o. zu sch\u00fctzen und um Betrug zu verhindern und zu bek\u00e4mpfen. Die \u00fcbermittelten personenbezogenen Daten k\u00f6nnen auch verwendet werden, um technischen Support zu leisten, neue Funktionalit\u00e4ten auf der Grundlage der erbrachten Dienstleistung zu entwickeln und diese zu verbessern, um die Nutzung des Dienstes zu vereinfachen.<\/p>\n<p><strong>Datenaufbewahrungs- und Backup-Richtlinie<\/strong><\/p>\n<p>Alle IT-Systeme sind durch t\u00e4gliche Backups gesichert, die es Danmar Computers Sp. z o.o. erm\u00f6glichen, im Falle eines unerwarteten Ereignisses, wie z.B. Hardwareausf\u00e4lle, schnell zu reagieren. Das bedeutet, dass, sobald eine Anfrage zur Entfernung personenbezogener Daten eingegangen ist, diese ohne unn\u00f6tige Verz\u00f6gerung aus den Produktionssystemen entfernt wird, aber immer noch in den Backups vorhanden ist. Die personenbezogenen Daten werden nach einem vollst\u00e4ndigen Sicherungszyklus, der bis zu 60 Kalendertage betr\u00e4gt, vollst\u00e4ndig entfernt.<\/p>\n<p><strong>Weitergabe von Daten an Dritte<\/strong><\/p>\n<p>Die erhobenen personenbezogenen Daten werden in keiner Weise an Dritte verkauft oder weitergegeben, es sei denn, dies ergibt sich aus dem Gesetz, im Falle eines Versto\u00dfes gegen die geltenden Vorschriften oder um die Rechte von Danmar Computers Sp. z o.o. oder anderen vor illegalen oder sch\u00e4dlichen Handlungen zu sch\u00fctzen.<\/p>\n<p>Danmar Computers Sp. z o.o. k\u00f6nnte verpflichtet werden, die personenbezogenen Daten an die f\u00fcr das jeweilige Projekt zust\u00e4ndige Nationale Agentur Erasmus+ zum Zwecke der Pr\u00fcfung weiterzugeben. Ein solcher Antrag k\u00f6nnte auch von der Aufsichtsbeh\u00f6rde an die Nationale Agentur Erasmus+, d. h. die Europ\u00e4ische Kommission, gerichtet werden.<\/p>\n<p>Das Unternehmen Danmar Computers Sp. z o.o. beh\u00e4lt sich das Recht vor, personenbezogene Daten an bestimmte Dritte weiterzugeben, die von Danmar Computers Sp. z o.o. mit der Durchf\u00fchrung bestimmter laufender Gesch\u00e4ftsaktivit\u00e4ten beauftragt wurden. Es wird darauf hingewiesen, dass Danmar Computers Sp. z o.o. die gebotene Sorgfalt walten l\u00e4sst, um sicherzustellen, dass die Dritten, an die die personenbezogenen Daten zu den oben genannten Zwecken weitergegeben werden sollen, die offengelegten personenbezogenen Daten in \u00dcbereinstimmung mit der Datenschutzrichtlinie von Danmar Computers Sp. z o.o. und in \u00dcbereinstimmung mit dem geltenden Recht behandeln. Dar\u00fcber hinaus k\u00f6nnen die personenbezogenen Daten des Nutzers im Falle des Verkaufs oder der Umstrukturierung von Danmar Computers Sp. z o.o. offengelegt werden.<\/p>\n<p><strong>Cookies<\/strong><\/p>\n<p>Die Verwendung von Cookies durch Danmar Computers Sp. z o.o. ist erforderlich, um eine optimale Funktionalit\u00e4t des Dienstes zu gew\u00e4hrleisten. Cookies werden auf der Festplatte von Danmar Computers Sp. z o.o. gespeichert und k\u00f6nnen verwendet werden, um die individuellen Pr\u00e4ferenzen der Benutzer anzupassen und allgemeine statistische Daten zu sammeln.<\/p>\n<p><strong>\u00c4nderungen personenbezogener Daten<\/strong><\/p>\n<p>Der Nutzer hat das Recht, Zugang zu den personenbezogenen Daten und deren Berichtigung oder L\u00f6schung (&#8222;Recht auf Vergessenwerden&#8220;) oder die Einschr\u00e4nkung der Verarbeitung der betroffenen Person zu verlangen oder der Verarbeitung zu widersprechen sowie das Recht auf Daten\u00fcbertragbarkeit. Einige Informationen k\u00f6nnen \u00fcber das Internet mit Hilfe eines Internetbrowsers angezeigt und bearbeitet werden, wenn man sich in den Dienst von Danmar Computers Sp. z o.o. einloggt.<\/p>\n<p>Danmar Computers Sp. z o.o. beantwortet Anfragen zur Anzeige, Berichtigung, Vervollst\u00e4ndigung und L\u00f6schung personenbezogener Daten innerhalb einer angemessenen Frist und nach \u00dcberpr\u00fcfung der Identit\u00e4t des Benutzers.<\/p>\n<p>Danmar Computers Sp. z o.o. unternimmt alle zumutbaren Anstrengungen, um den Antr\u00e4gen der Nutzer auf L\u00f6schung personenbezogener Daten nachzukommen, es sei denn, diese Daten m\u00fcssen aufgrund geltender Gesetze oder gesch\u00e4ftlicher Zwecke gespeichert werden.<\/p>\n<p><strong>Deaktivierung des Kontos<\/strong><\/p>\n<p>Nach Eingang eines Antrags auf L\u00f6schung personenbezogener Daten bei Danmar Computers Sp. z o.o. werden die betreffenden personenbezogenen Daten ohne unn\u00f6tige Verz\u00f6gerung gesperrt und der Zugriff auf den Dienst ist nicht mehr m\u00f6glich. Die personenbezogenen Daten werden bis zu 30 Kalendertage lang gespeichert, so dass sie wiederhergestellt werden k\u00f6nnen, falls der Antrag auf Deaktivierung des Kontos versehentlich gestellt wurde. Nach 30 Kalendertagen ist die Wiederherstellung personenbezogener Daten nicht mehr m\u00f6glich.<\/p>\n<p>Um die laufenden Aktivit\u00e4ten zu erhalten und Verwirrung bei anderen Nutzern zu vermeiden, werden bestimmte Inhalte nicht gel\u00f6scht. Dazu geh\u00f6ren alle Informationen, die dem Dienst zur Verf\u00fcgung gestellt und eingegeben wurden (z. B. Nachrichten oder Dateien). Nach der Deaktivierung des Kontos werden diese Informationen als &#8222;Deaktivierter Benutzer&#8220; gekennzeichnet. Vor der Deaktivierung des Kontos k\u00f6nnen die oben genannten Inhalte manuell gel\u00f6scht werden.<\/p>\n<p>&nbsp;<\/p>\n<p>&nbsp;<\/p>\n<p><strong>Kinder<\/strong><\/p>\n<p>Die Plattformist nicht f\u00fcr Kinder unter 18 Jahren geeignet und istauch nicht darauf ausgelegt, deren Aufmerksamkeit zu erregen. Danmar Computers Sp. z o.o. sammelt keine personenbezogenen Daten von Kindern unter 18 Jahren und in einigen L\u00e4ndern von Kindern im Alter von 18 Jahren in absichtlicher und vors\u00e4tzlicher Weise. Wir ermutigen Eltern, sich f\u00fcr die Internetaktivit\u00e4ten ihrer Kinder zu interessieren, um sicherzustellen, dass keine Informationen von Kindern ohne elterliche Zustimmung eingeholt werden.<\/p>\n<p><strong>Sicherheit<\/strong><\/p>\n<p>Danmar Computers Sp. z o.o. setzt technische und organisatorische Ma\u00dfnahmen ein, um die von Danmar Computers Sp. z o.o. erhobenen personenbezogenen Daten vor unbefugtem Zugriff oder unsachgem\u00e4\u00dfer Verwendung durch unbefugte Personen zu sch\u00fctzen. Die angewandten Methoden und technischen Mittel werden zusammen mit der Entwicklung neuer Technologien, Bed\u00fcrfnisse und verf\u00fcgbarer Schutzmethoden verbessert.<\/p>\n<p><strong>Datenschutz und -speicherung<\/strong><\/p>\n<p>Die von Danmar Computers Sp. z o.o. gesammelten Informationen werden f\u00fcr einen angemessenen Zeitraum aufbewahrt, um ihre Verwendung f\u00fcr die hier angegebenen Zwecke zu erm\u00f6glichen. Das Unternehmen Danmar Computers Sp. z o.o. kann die Dienste Dritter (Unternehmen) in Anspruch nehmen, um notwendige Informationen in seinem Namen zu sammeln und zu speichern. Alle diese Unternehmen m\u00fcssen die Anforderungen dieser Datenschutzrichtlinie erf\u00fcllen.<\/p>\n<p><strong>\u00c4nderungen der Datenschutzerkl\u00e4rung<\/strong><\/p>\n<p>Danmar Computers Sp. z o.o. beh\u00e4lt sich das Recht vor, die Grunds\u00e4tze dieser Datenschutzerkl\u00e4rung jederzeit zu \u00e4ndern. Die Rechte des Nutzers, die sich aus dieser Datenschutzerkl\u00e4rung ergeben, werden ohne Zustimmung des Nutzers nicht eingeschr\u00e4nkt.<\/p>\n<p>Alle \u00c4nderungen dieser Datenschutzerkl\u00e4rung werden in klarer Form auf dem von Danmar Computers Sp. z o.o. angebotenen Service ver\u00f6ffentlicht. Die Nutzer des Dienstes Danmar Computers Sp. z o.o. sind an die aktuelle Version der Datenschutzrichtlinie gebunden. Die fr\u00fcheren Versionen dieser Datenschutzerkl\u00e4rung werden in Archiven aufbewahrt, damit sich die Nutzer bei Bedarf mit ihnen vertraut machen k\u00f6nnen.<\/p>\n<p><strong>Kontakt<\/strong><\/p>\n<p>Alle Anfragen auf Zugang zu Ihren Daten, \u00c4nderungen Ihrer Daten oder Fragen zu dieser Datenschutzerkl\u00e4rung sollten \u00fcber unser <a href=\"https:\/\/danmar-computers.com.pl\/kontakt\/\">Kontaktformular<\/a>, per <a href=\"mailto:dpo@danmar-computers.com.pl\">E-Mail<\/a> oder schriftlich an die folgende Adresse gesendet werden:<\/p>\n<p><strong>Danmar Computers Sp. z o.o.<\/strong><br \/>\nGrunwaldzka 16C<\/p>\n<p>35-068 Rzeszow<br \/>\nPoland<\/p>","protected":false},"excerpt":{"rendered":"<p>In \u00dcbereinstimmung mit dem europ\u00e4ischen Gesetz zum Schutz personenbezogener Daten \u2013 der Datenschutz-Grundverordnung (DSGVO) \u2013 m\u00f6chten wir Sie dar\u00fcber informieren,&hellip;&nbsp;<a href=\"https:\/\/platform.car-master.eu\/de\/car-master-privacy-policy\/\" rel=\"bookmark\">Weiterlesen &raquo;<span class=\"screen-reader-text\">CAR Master Datenschutzerkl\u00e4rung<\/span><\/a><\/p>\n","protected":false},"author":1,"featured_media":0,"parent":0,"menu_order":0,"comment_status":"closed","ping_status":"closed","template":"","meta":{"neve_meta_sidebar":"","neve_meta_container":"","neve_meta_enable_content_width":"off","neve_meta_content_width":100,"neve_meta_title_alignment":"","neve_meta_author_avatar":"","neve_post_elements_order":"","neve_meta_disable_header":"","neve_meta_disable_footer":"","neve_meta_disable_title":"","footnotes":""},"class_list":["post-586","page","type-page","status-publish","hentry"],"_links":{"self":[{"href":"https:\/\/platform.car-master.eu\/de\/wp-json\/wp\/v2\/pages\/586","targetHints":{"allow":["GET"]}}],"collection":[{"href":"https:\/\/platform.car-master.eu\/de\/wp-json\/wp\/v2\/pages"}],"about":[{"href":"https:\/\/platform.car-master.eu\/de\/wp-json\/wp\/v2\/types\/page"}],"author":[{"embeddable":true,"href":"https:\/\/platform.car-master.eu\/de\/wp-json\/wp\/v2\/users\/1"}],"replies":[{"embeddable":true,"href":"https:\/\/platform.car-master.eu\/de\/wp-json\/wp\/v2\/comments?post=586"}],"version-history":[{"count":3,"href":"https:\/\/platform.car-master.eu\/de\/wp-json\/wp\/v2\/pages\/586\/revisions"}],"predecessor-version":[{"id":1004,"href":"https:\/\/platform.car-master.eu\/de\/wp-json\/wp\/v2\/pages\/586\/revisions\/1004"}],"wp:attachment":[{"href":"https:\/\/platform.car-master.eu\/de\/wp-json\/wp\/v2\/media?parent=586"}],"curies":[{"name":"wp","href":"https:\/\/api.w.org\/{rel}","templated":true}]}}