{"id":586,"date":"2023-06-09T14:30:34","date_gmt":"2023-06-09T14:30:34","guid":{"rendered":"https:\/\/platform.car-master.eu\/?page_id=586"},"modified":"2023-10-18T12:31:30","modified_gmt":"2023-10-18T12:31:30","slug":"car-master-privacy-policy","status":"publish","type":"page","link":"https:\/\/platform.car-master.eu\/es\/car-master-privacy-policy\/","title":{"rendered":"CAR Master Politica de privacidad de datos"},"content":{"rendered":"<p>Seg\u00fan la ley europea sobre protecci\u00f3n de datos personales, el Reglamento General de Protecci\u00f3n de Datos (RGPD), le informamos que los datos personales que debe proporcionar para acceder a la plataforma CAR Master, se van a utilizar solo con fines educacionales. Para obtener m\u00e1s informaci\u00f3n, lea nuestra Pol\u00edtica de privacidad.<\/p>\n<p>&nbsp;<\/p>\n<p>Siempre que en la Pol\u00edtica de Privacidad indique \u00abservicio\u00bb, se refiere a la plataforma de\u00a0 aprendizaje CAR Master creada dentro del proyecto CAR Master (n\u00famero de proyecto 2021-1-CZ01-KA220-VET-000033332), https:\/\/platform.car-master.eu\/, financiado por la Comisi\u00f3n Europea bajo el programa Erasmus +.<\/p>\n<p>&nbsp;<\/p>\n<p>Danmar Computers Sp con sede en Rzesz\u00f3w, 35-068, ul. Grunwaldzka 16C (Polonia), registrada en el Tribunal de Distrito de Rzesz\u00f3w, XII Departamento Comercial del Registro Nacional del Tribunal, n\u00famero KRS 0000366024, n\u00famero de identificaci\u00f3n fiscal NIP: 813-36-35-049 y un n\u00famero estad\u00edstico REGON 180614900, es el responsable de los datos personales proporcionados en relaci\u00f3n con el uso del servicio, en lo sucesivo denominado \u00abDatos personales\u00bb. Los datos personales proporcionados se procesan seg\u00fan el Reglamento (UE) 2016\/679 del Parlamento Europeo y del Consejo, de 27 de abril de 2016, relativo a la protecci\u00f3n de las personas f\u00edsicas en lo que respecta al tratamiento de datos personales y a la libre circulaci\u00f3n de estos datos.<\/p>\n<p>El uso del servicio proporcionado por Danmar Computers Sp. z o.o. implica que usted acepta el uso de dicha informaci\u00f3n seg\u00fan lo indicado en este documento.<\/p>\n<p>La persona usuaria tiene derecho a retirar el consentimiento otorgado para el uso de Datos Personales en cualquier momento. La retirada del consentimiento no afecta a la legalidad del uso realizado antes de su retirada. La persona usuaria tiene derecho a presentar una queja ante la autoridad supervisora.<\/p>\n<p><strong>\u00bfQu\u00e9 tipo de datos se recopilan?<\/strong><\/p>\n<p>Para utilizar la plataforma formativa, se debe proporcionar algunos datos personales (nombre y apellido, direcci\u00f3n de correo electr\u00f3nico y, opcionalmente, datos que se pueden proporcionar adicionalmente en el perfil). En caso de que no proporcione esta informaci\u00f3n, no podremos proporcionarle el acceso a la plataforma formativa.<\/p>\n<p>Es importante tener en cuenta que se requiere el consentimiento de terceros en caso de que proporcionen datos personales de terceros a Danmar Computers Sp.<\/p>\n<p>Danmar Computers Sp. solicita a la persona usuaria que todos los Datos personales proporcionados sean v\u00e1lidos, precisos, actualizados, y todos los cambios deben introducirse lo antes posible.<\/p>\n<p>Cada vez que acceda ala plataforma formativa, el servidor de red descarga autom\u00e1ticamente informaci\u00f3n relacionada con las visitas. Esta informaci\u00f3n incluye: URL de dominio o dominio del sitio web, el tipo de navegador que se utiliza, el sistema operativo, los sitios web a los que se accedi\u00f3 y la fecha y hora de la visita. Estos datos se recopilan y utilizan \u00fanicamente con el fin de proporcionar soporte t\u00e9cnico y garantizar nuestros derechos en caso de una violaci\u00f3n de seguridad o violaci\u00f3n del uso del servicio.<\/p>\n<p>Todos los datos necesarios para iniciar la sesi\u00f3n, enviados entre la persona visitante del servicio y Danmar Computers Sp est\u00e1n encriptados, lo que ayuda a minimizar el riesgo de fuga de datos.<\/p>\n<p><strong>\u00a0<\/strong><\/p>\n<p><strong>Prop\u00f3sito del uso de la informaci\u00f3n<\/strong><\/p>\n<p>La recopilaci\u00f3n de datos personales por parte de Danmar Computers Sp tiene como objetivo proporcionar a las personas usuarias un acceso seguro, sin problemas y personalizado al servicio. Adem\u00e1s, los datos personales proporcionados a Danmar Computers Sp son utilizad para registrar a la persona usuaria y dar acceso al servicio.<\/p>\n<p>Los datos personales, o partes de ellos, tambi\u00e9n podr\u00edan compartirse con otras personas usuarias del servicio, dependiendo de la configuraci\u00f3n del perfil de la persona usuaria.<\/p>\n<p>La empresa Danmar Computers Sp\u00a0 recopila y procesa los datos personales de la persona usuaria, u ordena a terceros que lo hagan en nombre de la empresa, en la medida en que est\u00e9 permitido o sea necesario para proporcionar a la persona usuaria servicio y asistencia en la resoluci\u00f3n de problemas, comparar informaci\u00f3n para garantizar su exactitud, resolver disputas, verificar la identidad de la persona usuaria, ajustar, analizar y mejorar el servicio,\u00a0 para proteger los intereses de la persona usuaria y de Danmar Computers Sp y para prevenir y combatir el fraude. Los datos personales entregados tambi\u00e9n pueden ser utilizados para proporcionar soporte t\u00e9cnico, para desarrollar nuevas funcionalidades basadas en el servicio prestado y tambi\u00e9n para mejorarlas con el fin de aumentar la facilidad con la que se utiliza el servicio.<\/p>\n<p><strong>Pol\u00edtica de retenci\u00f3n de datos y copia de seguridad<\/strong><\/p>\n<p>Todos los sistemas de producci\u00f3n est\u00e1n protegidos por copias de seguridad diarias que permiten a Danmar Computers Sp reaccionar r\u00e1pidamente en caso de situaciones inesperadas como, por ejemplo, fallos de hardware. Esto significa que una vez que se recibe una solicitud de eliminaci\u00f3n de datos personales, se elimina sin demora innecesaria de los sistemas de producci\u00f3n, pero a\u00fan est\u00e1 presente en las copias de seguridad. Los datos personales finalmente se eliminan por completo despu\u00e9s de un ciclo de copia de seguridad completo que es de hasta 60 d\u00edas.<\/p>\n<p><strong>Divulgaci\u00f3n de datos a terceras partes<\/strong><\/p>\n<p>Los datos personales recopilados no se vender\u00e1n ni divulgar\u00e1n de ninguna manera a terceras partes, a menos que la obligaci\u00f3n de hacerlo surja de la ley, en caso de incumplimiento de las regulaciones aplicables, o para proteger los derechos de Danmar Computers Sp u otros de acciones ilegales o da\u00f1inas.<\/p>\n<p>Danmar Computers Sp podr\u00eda verse obligada a revelar los datos personales a la Agencia Nacional Erasmus+ responsable del proyecto a efectos de auditor\u00eda. Dicha solicitud tambi\u00e9n podr\u00eda ser emitida por el organismo supervisor a la Agencia Nacional Erasmus+, es decir, la Comisi\u00f3n Europea.<\/p>\n<p>La empresa Danmar Computers Sp se reserva el derecho de divulgar datos personales a terceras partes subcontratadas por Danmar Computers Sp para realizar ciertas operaciones comerciales puntuales. Cabe se\u00f1alar que Danmar Computers Sp ejercer\u00e1 la debida diligencia para garantizar que las terceras partes\u00a0 a los que se divulguen los datos personales para los fines antes mencionados, traten los datos personales divulgados de acuerdo con la Pol\u00edtica de privacidad de Danmar Computers Sp y de conformidad con la ley aplicable. Adem\u00e1s, los datos personales de la persona usuaria pueden ser divulgados en caso de venta o reestructuraci\u00f3n de Danmar Computers Sp.<\/p>\n<p><strong>Cookies<\/strong><\/p>\n<p>El uso de cookies por parte de Danmar Computers Sp es necesario para proporcionar una funcionalidad \u00f3ptima del servicio. Las cookies se almacenan en Danmar Computers Sp y se pueden utilizar para ajustar las preferencias individuales de los Usuarios y para recopilar datos estad\u00edsticos generales.<\/p>\n<p><strong>Cambios en los datos personales<\/strong><\/p>\n<p>La persona usuaria tiene derecho a solicitar el acceso y la rectificaci\u00f3n o eliminaci\u00f3n (\u00abderecho al olvido\u00bb) de los datos personales o la restricci\u00f3n del procesamiento relacionado con el interesado u oponerse al procesamiento, as\u00ed como el derecho a la portabilidad de los datos. Parte de la informaci\u00f3n puede mostrarse y editarse a trav\u00e9s de Internet utilizando un navegador al iniciar sesi\u00f3n en el servicio proporcionado por Danmar Computers Sp.<\/p>\n<p>Danmar Computers Sp. responder\u00e1 a las solicitudes relativas a la visualizaci\u00f3n, correcci\u00f3n, finalizaci\u00f3n y eliminaci\u00f3n de datos personales en un plazo razonable y tras la verificaci\u00f3n de la identidad de la persona usuaria.<\/p>\n<p>Danmar Computers Sp har\u00e1 todos los esfuerzos s para satisfacer las solicitudes de las personas usuarias de eliminar datos personales, a menos que estos datos deban almacenarse debido a la ley aplicable o a fines comerciales legales.<\/p>\n<p><strong>Desactivaci\u00f3n de la cuenta<\/strong><\/p>\n<p>Despu\u00e9s de que Danmar Computers Sp reciba una solicitud para eliminaci\u00f3n de los datos personales, estos se bloquear\u00e1n sin demora y el acceso al servicio ya no ser\u00e1 posible. Los datos personales se almacenar\u00e1n durante un m\u00e1ximo de 30 d\u00edas calendario, lo que permitir\u00e1 recuperarlos en caso de que la solicitud de desactivaci\u00f3n de la cuenta se haya realizado por error. Despu\u00e9s de 30 d\u00edas, la restauraci\u00f3n de los datos personales ya no ser\u00e1 posible.<\/p>\n<p>Para preservar las actividades en curso y evitar confusiones para otras personas usuarias, cierto contenido no se eliminar\u00e1. Esto incluye toda la informaci\u00f3n proporcionada e introducida hasta la fecha en el servicio (como, por ejemplo, mensajes o archivos). Despu\u00e9s de la desactivaci\u00f3n de la cuenta, esta informaci\u00f3n se etiquetar\u00e1 como \u00abpersona usuaria desactivada\u00bb. Antes de la solicitud de desactivaci\u00f3n de la cuenta, el contenido mencionado anteriormente se puede eliminar manualmente.<\/p>\n<p><strong>Ni\u00f1os<\/strong><\/p>\n<p>El servicio no est\u00e1 dise\u00f1ado para menores de 18 a\u00f1os, y tampoco est\u00e1 dise\u00f1ado para atraer su atenci\u00f3n. Danmar Computers Sp no recopila datos personales de menores de 18 a\u00f1os de manera intencionada y deliberada. Alentamos a los padres y madres a interesarse en la actividad de Internet de sus hijos e hijas, para garantizar que no se obtenga informaci\u00f3n sin el consentimiento de los padres y madres.<\/p>\n<p><strong>Seguridad<\/strong><\/p>\n<p>Danmar Computers Sp utiliza medios t\u00e9cnicos y organizativos para proteger los datos personales recopilados por Danmar Computers Sp del acceso no autorizado o el uso indebido por parte de personas no autorizadas. Los m\u00e9todos aplicados y los medios t\u00e9cnicos se mejoran junto con el desarrollo de nuevas tecnolog\u00edas, necesidades y m\u00e9todos de protecci\u00f3n disponibles.<\/p>\n<p><strong>Protecci\u00f3n y almacenamiento de datos<\/strong><\/p>\n<p>La informaci\u00f3n recopilada por Danmar Computers Sp se conserva durante un per\u00edodo de tiempo razonable para permitir su uso para los fines especificados en este documento. La empresa Danmar Computers Sp puede utilizar los servicios de terceras partes (empresas) para recopilar y almacenar la informaci\u00f3n recopilada en su nombre. Todas estas empresas deber\u00e1n cumplir con los requisitos de esta Pol\u00edtica de privacidad.<\/p>\n<p><strong>Cambios en la Pol\u00edtica de Privacidad<\/strong><\/p>\n<p>Danmar Computers Sp se reserva el derecho de cambiar los principios de esta pol\u00edtica de privacidad en cualquier momento. Los derechos de la persona usuaria resultantes de esta pol\u00edtica de privacidad no ser\u00e1n limitados sin el consentimiento de la persona usuaria.<\/p>\n<p>Todos los cambios de esta pol\u00edtica de privacidad se publicar\u00e1n de manera clara en el servicio ofrecido por Danmar Computers Sp. Las personas usuarias del servicio Danmar Computers Sp est\u00e1n sujetos a la versi\u00f3n actual de la pol\u00edtica de privacidad. Las versiones anteriores de esta Pol\u00edtica de privacidad se guardan en archivos para permitir a las personas usuarias familiarizarse con ellas, si es necesario.<\/p>\n<p><strong>Contacto<\/strong><\/p>\n<p>Todas las solicitudes de acceso a su informaci\u00f3n, modificaci\u00f3n de su informaci\u00f3n o preguntas relacionadas con esta pol\u00edtica de privacidad deben enviarse utilizando el <a href=\"https:\/\/danmar-computers.com.pl\/kontakt\/\">formulario de contacto<\/a>, por <a href=\"mailto:dpo@danmar-computers.com.pl\">correo electr\u00f3nico<\/a> o por escrito a la siguiente direcci\u00f3n:<\/p>\n<p><strong>Danmar Computers Sp<\/strong><br \/>\no.o.Grunwaldzka 16C<\/p>\n<p>35-068 Rzesz &#8211; Polonia<\/p>","protected":false},"excerpt":{"rendered":"<p>Seg\u00fan la ley europea sobre protecci\u00f3n de datos personales, el Reglamento General de Protecci\u00f3n de Datos (RGPD), le informamos que&hellip;&nbsp;<a href=\"https:\/\/platform.car-master.eu\/es\/car-master-privacy-policy\/\" rel=\"bookmark\">Leer m\u00e1s &raquo;<span class=\"screen-reader-text\">CAR Master Politica de privacidad de datos<\/span><\/a><\/p>\n","protected":false},"author":1,"featured_media":0,"parent":0,"menu_order":0,"comment_status":"closed","ping_status":"closed","template":"","meta":{"neve_meta_sidebar":"","neve_meta_container":"","neve_meta_enable_content_width":"off","neve_meta_content_width":100,"neve_meta_title_alignment":"","neve_meta_author_avatar":"","neve_post_elements_order":"","neve_meta_disable_header":"","neve_meta_disable_footer":"","neve_meta_disable_title":"","footnotes":""},"class_list":["post-586","page","type-page","status-publish","hentry"],"_links":{"self":[{"href":"https:\/\/platform.car-master.eu\/es\/wp-json\/wp\/v2\/pages\/586","targetHints":{"allow":["GET"]}}],"collection":[{"href":"https:\/\/platform.car-master.eu\/es\/wp-json\/wp\/v2\/pages"}],"about":[{"href":"https:\/\/platform.car-master.eu\/es\/wp-json\/wp\/v2\/types\/page"}],"author":[{"embeddable":true,"href":"https:\/\/platform.car-master.eu\/es\/wp-json\/wp\/v2\/users\/1"}],"replies":[{"embeddable":true,"href":"https:\/\/platform.car-master.eu\/es\/wp-json\/wp\/v2\/comments?post=586"}],"version-history":[{"count":3,"href":"https:\/\/platform.car-master.eu\/es\/wp-json\/wp\/v2\/pages\/586\/revisions"}],"predecessor-version":[{"id":1004,"href":"https:\/\/platform.car-master.eu\/es\/wp-json\/wp\/v2\/pages\/586\/revisions\/1004"}],"wp:attachment":[{"href":"https:\/\/platform.car-master.eu\/es\/wp-json\/wp\/v2\/media?parent=586"}],"curies":[{"name":"wp","href":"https:\/\/api.w.org\/{rel}","templated":true}]}}