{"id":586,"date":"2023-06-09T14:30:34","date_gmt":"2023-06-09T14:30:34","guid":{"rendered":"https:\/\/platform.car-master.eu\/?page_id=586"},"modified":"2023-10-18T12:31:30","modified_gmt":"2023-10-18T12:31:30","slug":"car-master-privacy-policy","status":"publish","type":"page","link":"https:\/\/platform.car-master.eu\/sk\/car-master-privacy-policy\/","title":{"rendered":"CAR Master z\u00e1sady ochrany osobn\u00fdch \u00fadajov"},"content":{"rendered":"<p>Pod\u013ea eur\u00f3pskeho z\u00e1kona o ochrane osobn\u00fdch \u00fadajov \u2013 v\u0161eobecn\u00e9ho nariadenia o ochrane \u00fadajov (GDPR) \u2013 by sme v\u00e1s chceli informova\u0165, \u017ee va\u0161e osobn\u00e9 \u00fadaje, ktor\u00e9 mus\u00edte poskytn\u00fa\u0165 na z\u00edskanie pr\u00edstupu k platforme CAR Master, sa pou\u017e\u00edvaj\u00fa len na administrat\u00edvne \u00fa\u010dely. Podrobnosti n\u00e1jdete v na\u0161ich z\u00e1sad\u00e1ch ochrany osobn\u00fdch \u00fadajov.<\/p>\n<p>V\u017edy, ke\u010f sa v nasleduj\u00facich z\u00e1sad\u00e1ch ochrany osobn\u00fdch \u00fadajov spom\u00edna \u201eslu\u017eba\u201c, znamen\u00e1 to platformu CAR Master Learning Experience vytvoren\u00fa v r\u00e1mci projektu CAR Master (\u010d\u00edslo projektu 2021-1-CZ01-KA220-VET-000033332), ktor\u00e1 je k dispoz\u00edcii na adrese https:\/\/platform.car-master.eu\/ a financovan\u00e1 Eur\u00f3pskou komisiou v r\u00e1mci programu Erasmus+.<\/p>\n<p>Danmar Computers Sp. z o.o., so s\u00eddlom Rzesz\u00f3w, 35-068, ul. Grunwaldzka 16C, zap\u00edsan\u00e1 na Okresnom s\u00fade v Rzeszowe, XII Obchodn\u00e9 oddelenie N\u00e1rodn\u00e9ho s\u00fadneho registra, \u010d\u00edslo KRS 0000366024, dr\u017eite\u013e da\u0148ov\u00e9ho identifika\u010dn\u00e9ho \u010d\u00edsla NIP: 813-36-35-049 a \u0161tatistick\u00e9ho \u010d\u00edsla REGON 180614900, je spr\u00e1vcom osobn\u00fdch \u00fadajov poskytnut\u00fdch v s\u00favislosti s vyu\u017e\u00edvan\u00edm slu\u017eby, \u010falej len \u201eOsobn\u00e9 \u00fadaje\u201c. Poskytnut\u00e9 osobn\u00e9 \u00fadaje sa sprac\u00favaj\u00fa v s\u00falade s nariaden\u00edm Eur\u00f3pskeho parlamentu a Rady (E\u00da) 2016\/679 z 27. apr\u00edla 2016 o ochrane fyzick\u00fdch os\u00f4b pri sprac\u00favan\u00ed osobn\u00fdch \u00fadajov a o vo\u013enom pohybe tak\u00fdchto \u00fadajov.<\/p>\n<p>Pou\u017e\u00edvanie slu\u017eby poskytovanej spolo\u010dnos\u0165ou Danmar Computers Sp. z o.o. znamen\u00e1, \u017ee s\u00fahlas\u00edte so sp\u00f4sobom zhroma\u017e\u010fovania inform\u00e1ci\u00ed a pou\u017e\u00edvania uveden\u00fdch inform\u00e1ci\u00ed sp\u00f4sobom, ktor\u00fd je v s\u00falade so z\u00e1sadami uveden\u00fdmi v tomto dokumente.<\/p>\n<p>Osobn\u00e9 \u00fadaje, ktor\u00e9 sa sprac\u00favaj\u00fa, sa uchov\u00e1vaj\u00fa po\u010das obdobia vyu\u017e\u00edvania slu\u017eby. V pr\u00edpade, \u017ee slu\u017eba nebola pou\u017eit\u00e1 (spr\u00edstupnen\u00e1) po dobu 12 mesiacov, m\u00f4\u017eu by\u0165 osobn\u00e9 \u00fadaje natrvalo vymazan\u00e9 v s\u00falade s t\u00fdmito z\u00e1sadami ochrany osobn\u00fdch \u00fadajov.<\/p>\n<p>U\u017e\u00edvate\u013e m\u00e1 kedyko\u013evek mo\u017enos\u0165 odvola\u0165 s\u00fahlas so spracovan\u00edm osobn\u00fdch \u00fadajov. Odvolanie s\u00fahlasu nem\u00e1 vplyv na z\u00e1konnos\u0165 sprac\u00favania na z\u00e1klade s\u00fahlasu pred jeho odvolan\u00edm. Pou\u017e\u00edvate\u013e m\u00e1 pr\u00e1vo poda\u0165 s\u0165a\u017enos\u0165 dozorn\u00e9mu org\u00e1nu.<\/p>\n<p><strong>Ak\u00fd druh \u00fadajov zhroma\u017e\u010fujeme<\/strong><\/p>\n<p>Aby ste mohli pou\u017e\u00edva\u0165 slu\u017ebu, mus\u00edte poskytn\u00fa\u0165 niektor\u00e9 osobn\u00e9 \u00fadaje (meno a priezvisko, e-mailov\u00fa adresu a pr\u00edpadne \u00fadaje, ktor\u00e9 m\u00f4\u017eu by\u0165 dodato\u010dne poskytnut\u00e9 v profile). V pr\u00edpade, \u017ee tieto inform\u00e1cie neposkytnete, nebudeme v\u00e1m m\u00f4c\u0165 poskytn\u00fa\u0165 pr\u00edstup k slu\u017ebe.<\/p>\n<p>Je d\u00f4le\u017eit\u00e9 poznamena\u0165, \u017ee s\u00fahlas tret\u00edch str\u00e1n sa vy\u017eaduje v pr\u00edpade, \u017ee ak\u00e9ko\u013evek osobn\u00e9 \u00fadaje tretej strany s\u00fa spr\u00edstupnen\u00e9 spolo\u010dnosti Danmar Computers Sp. z o.o. Danmar Computers Sp. z o.o. po\u017eaduje, aby v\u0161etky poskytnut\u00e9 osobn\u00e9 \u00fadaje boli platn\u00e9, presn\u00e9, aktu\u00e1lne a v\u0161etky zmeny by mali by\u0165 zaveden\u00e9 \u010do najsk\u00f4r.<\/p>\n<p>Zaka\u017ed\u00fdm, ke\u010f pristupujete k slu\u017ebe, n\u00e1\u0161 sie\u0165ov\u00fd server automaticky stiahne inform\u00e1cie t\u00fdkaj\u00face sa n\u00e1v\u0161tevy. Tieto inform\u00e1cie zah\u0155\u0148aj\u00fa: adresu URL dom\u00e9ny alebo dom\u00e9nu webovej str\u00e1nky, typ pou\u017e\u00edvan\u00e9ho prehliada\u010da, opera\u010dn\u00fd syst\u00e9m, webov\u00e9 str\u00e1nky, ktor\u00e9 boli nav\u0161t\u00edven\u00e9, a d\u00e1tum a \u010das n\u00e1v\u0161tevy. Okrem toho sa pseudonymizovan\u00e9 \u00fadaje o n\u00e1v\u0161tev\u00e1ch zhroma\u017e\u010fuj\u00fa a pou\u017e\u00edvaj\u00fa v\u00fdlu\u010dne na \u00fa\u010dely poskytovania technickej podpory a tie\u017e na zabezpe\u010denie na\u0161ich pr\u00e1v v pr\u00edpade naru\u0161enia bezpe\u010dnosti alebo poru\u0161enia pou\u017e\u00edvania slu\u017eby. Ak s\u00fa v\u00e1m tak\u00e9to inform\u00e1cie prip\u00edsan\u00e9, tak\u00e9to opatrenie sa prijme v s\u00falade s t\u00fdmito z\u00e1sadami ochrany osobn\u00fdch \u00fadajov.<\/p>\n<p>V\u0161etky \u00fadaje potrebn\u00e9 na prihl\u00e1senie zaslan\u00e9 medzi n\u00e1v\u0161tevn\u00edkom slu\u017eby a Danmar Computers Sp. z o.o. s\u00fa \u0161ifrovan\u00e9, \u010do pom\u00e1ha minimalizova\u0165 riziko \u00faniku \u00fadajov.<\/p>\n<p><strong>\u00a0<\/strong><\/p>\n<p><strong>\u00da\u010del pou\u017eitia inform\u00e1ci\u00ed<\/strong><\/p>\n<p>Zhroma\u017e\u010fovanie osobn\u00fdch \u00fadajov spolo\u010dnos\u0165ou Danmar Computers Sp. z o.o. je zameran\u00e9 na poskytovanie bezpe\u010dn\u00e9ho, bezprobl\u00e9mov\u00e9ho a prisp\u00f4soben\u00e9ho pr\u00edstupu k slu\u017ebe pou\u017e\u00edvate\u013eom. Okrem toho osobn\u00e9 \u00fadaje poskytnut\u00e9 spolo\u010dnosti Danmar Computers Sp. z o.o. pou\u017e\u00edva spolo\u010dnos\u0165 Danmar Computers Sp. z o.o. na registr\u00e1ciu pou\u017e\u00edvate\u013ea a poskytnutie pr\u00edstupu k slu\u017ebe.<\/p>\n<p>Osobn\u00e9 \u00fadaje alebo ich \u010dasti m\u00f4\u017eu by\u0165 zdie\u013ean\u00e9 aj s in\u00fdmi pou\u017e\u00edvate\u013emi slu\u017eby v z\u00e1vislosti od nastaven\u00ed profilu pou\u017e\u00edvate\u013ea.<\/p>\n<p>Spolo\u010dnos\u0165 Danmar Computers Sp. z o.o.\u00a0 zhroma\u017e\u010fuje a sprac\u00fava Osobn\u00e9 \u00fadaje Pou\u017e\u00edvate\u013ea, alebo prikazuje tret\u00edm stran\u00e1m, aby tak urobili v mene zdru\u017eenia, v rozsahu, ktor\u00fd je povolen\u00fd alebo potrebn\u00fd na poskytovanie slu\u017eieb a pomoci Pou\u017e\u00edvate\u013eovi pri rie\u0161en\u00ed probl\u00e9mov, porovn\u00e1vanie inform\u00e1ci\u00ed s cie\u013eom zabezpe\u010di\u0165 ich presnos\u0165, vyrie\u0161i\u0165 spor, overi\u0165 toto\u017enos\u0165 Pou\u017e\u00edvate\u013ea, upravi\u0165, analyzova\u0165 a zlep\u0161i\u0165 slu\u017ebu, chr\u00e1ni\u0165 z\u00e1ujmy Pou\u017e\u00edvate\u013ea a Danmar Computers Sp. z o.o. a predch\u00e1dza\u0165 podvodom a bojova\u0165 proti nim. Poskytnut\u00e9 Osobn\u00e9 \u00fadaje m\u00f4\u017eu by\u0165 tie\u017e pou\u017eit\u00e9 na poskytovanie technickej podpory, na v\u00fdvoj nov\u00fdch funkci\u00ed zalo\u017een\u00fdch na poskytovanej slu\u017ebe a tie\u017e na ich zlep\u0161enie s cie\u013eom zv\u00fd\u0161i\u0165 jednoduchos\u0165, s akou sa slu\u017eba pou\u017e\u00edva.<\/p>\n<p><strong>Z\u00e1sady uchov\u00e1vania a z\u00e1lohovania \u00fadajov<\/strong><\/p>\n<p>V\u0161etky v\u00fdrobn\u00e9 syst\u00e9my s\u00fa zabezpe\u010den\u00e9 denn\u00fdmi z\u00e1lohami, ktor\u00e9 umo\u017e\u0148uj\u00fa spolo\u010dnosti Danmar Computers Sp. z o.o. r\u00fdchlo reagova\u0165 v pr\u00edpade neo\u010dak\u00e1van\u00fdch udalost\u00ed, ako s\u00fa napr\u00edklad poruchy hardv\u00e9ru. To znamen\u00e1, \u017ee akon\u00e1hle je prijat\u00e1 \u017eiados\u0165 o odstr\u00e1nenie osobn\u00fdch \u00fadajov, je bez zbyto\u010dn\u00e9ho odkladu odstr\u00e1nen\u00e1 z v\u00fdrobn\u00fdch syst\u00e9mov, ale st\u00e1le je pr\u00edtomn\u00e1 v z\u00e1loh\u00e1ch. Osobn\u00e9 \u00fadaje sa nakoniec \u00faplne odstr\u00e1nia po \u00faplnom cykle z\u00e1lohovania, ktor\u00fd je a\u017e 60 kalend\u00e1rnych dn\u00ed.<\/p>\n<p><strong>Poskytovanie \u00fadajov tret\u00edm stran\u00e1m<\/strong><\/p>\n<p>Zhroma\u017eden\u00e9 osobn\u00e9 \u00fadaje sa nebud\u00fa pred\u00e1va\u0165 ani poskytova\u0165 \u017eiadnym tret\u00edm stran\u00e1m, pokia\u013e to nevypl\u00fdva zo z\u00e1kona, v pr\u00edpade poru\u0161enia platn\u00fdch predpisov alebo za \u00fa\u010delom ochrany pr\u00e1v spolo\u010dnosti Danmar Computers Sp. z o.o. alebo in\u00fdch os\u00f4b pred nez\u00e1konn\u00fdmi alebo \u0161kodliv\u00fdmi \u010dinnos\u0165ami.<\/p>\n<p>Spolo\u010dnos\u0165 Danmar Computers Sp. z o.o. by mohla by\u0165 povinn\u00e1 spr\u00edstupni\u0165 osobn\u00e9 \u00fadaje n\u00e1rodnej agent\u00fare Erasmus+ zodpovednej za konkr\u00e9tny projekt na \u00fa\u010dely auditu. Tak\u00fato \u017eiados\u0165 by mohol dozorn\u00fd org\u00e1n vyda\u0165 aj n\u00e1rodnej agent\u00fare Erasmus+, konkr\u00e9tne Eur\u00f3pskej komisii.<\/p>\n<p>Spolo\u010dnos\u0165 Danmar Computers Sp. z o.o. si vyhradzuje pr\u00e1vo spr\u00edstupni\u0165 osobn\u00e9 \u00fadaje ur\u010dit\u00fdm tret\u00edm stran\u00e1m subdod\u00e1vate\u013eom spolo\u010dnosti Danmar Computers Sp. z o.o. na vykon\u00e1vanie ur\u010dit\u00fdch be\u017en\u00fdch obchodn\u00fdch \u010dinnost\u00ed. Treba poznamena\u0165, \u017ee spolo\u010dnos\u0165 Danmar Computers Sp. z o.o. bude postupova\u0165 s n\u00e1le\u017eitou starostlivos\u0165ou, aby zabezpe\u010dila, \u017ee tretie strany, ktor\u00fdm sa maj\u00fa osobn\u00e9 \u00fadaje spr\u00edstupni\u0165 na vy\u0161\u0161ie uveden\u00e9 \u00fa\u010dely, bud\u00fa zaobch\u00e1dza\u0165 so zverejnen\u00fdmi osobn\u00fdmi \u00fadajmi v s\u00falade so z\u00e1sadami ochrany osobn\u00fdch \u00fadajov spolo\u010dnosti Danmar Computers Sp. z o.o. a sp\u00f4sobom, ktor\u00fd je v s\u00falade s platn\u00fdmi pr\u00e1vnymi predpismi. Okrem toho m\u00f4\u017eu by\u0165 osobn\u00e9 \u00fadaje pou\u017e\u00edvate\u013ea zverejnen\u00e9 v pr\u00edpade predaja alebo re\u0161trukturaliz\u00e1cie spolo\u010dnosti Danmar Computers Sp. z o.o.<\/p>\n<p><strong>S\u00fabory Cookies<\/strong><\/p>\n<p>Pou\u017e\u00edvanie s\u00faborov cookies spolo\u010dnos\u0165ou Danmar Computers Sp. z o.o. je potrebn\u00e9 na zabezpe\u010denie optim\u00e1lnej funk\u010dnosti slu\u017eby. S\u00fabory cookies s\u00fa ulo\u017een\u00e9 na pevnom disku spolo\u010dnosti Danmar Computers Sp. z o.o. a m\u00f4\u017eu sa pou\u017e\u00edva\u0165 na \u00fapravu individu\u00e1lnych preferenci\u00ed pou\u017e\u00edvate\u013eov a na zhroma\u017e\u010fovanie v\u0161eobecn\u00fdch \u0161tatistick\u00fdch \u00fadajov.<\/p>\n<p><strong>Zmeny osobn\u00fdch \u00fadajov<\/strong><\/p>\n<p>Pou\u017e\u00edvate\u013e m\u00e1 pr\u00e1vo po\u017eadova\u0165 pr\u00edstup k osobn\u00fdm \u00fadajom a ich opravu alebo vymazanie (\u201epr\u00e1vo by\u0165 zabudnut\u00fd\u201c) alebo obmedzenie sprac\u00favania t\u00fdkaj\u00face sa dotknutej osoby alebo namieta\u0165 proti sprac\u00favaniu, ako aj pr\u00e1vo na prenosnos\u0165 \u00fadajov. Niektor\u00e9 inform\u00e1cie m\u00f4\u017eu by\u0165 zobrazen\u00e9 a upraven\u00e9 prostredn\u00edctvom internetu pomocou internetov\u00e9ho prehliada\u010da po prihl\u00e1sen\u00ed do slu\u017eby poskytovanej spolo\u010dnos\u0165ou Danmar Computers Sp. z o.o.<\/p>\n<p>Spolo\u010dnos\u0165 Danmar Computers Sp. z o.o. odpovie na \u017eiadosti t\u00fdkaj\u00face sa zobrazenia, opravy, doplnenia a vymazania osobn\u00fdch \u00fadajov v primeranom \u010dase a po overen\u00ed toto\u017enosti pou\u017e\u00edvate\u013ea.<\/p>\n<p>Spolo\u010dnos\u0165 Danmar Computers Sp. z o.o. vynalo\u017e\u00ed v\u0161etko primeran\u00e9 \u00fasilie, aby vyhovela \u017eiadostiam pou\u017e\u00edvate\u013eov o vymazanie osobn\u00fdch \u00fadajov, pokia\u013e tieto \u00fadaje nemusia by\u0165 ulo\u017een\u00e9 z d\u00f4vodu platn\u00fdch pr\u00e1vnych predpisov alebo pr\u00e1vnych obchodn\u00fdch \u00fa\u010delov.<\/p>\n<p><strong>Deaktiv\u00e1cia \u00fa\u010dtu<\/strong><\/p>\n<p>Po prijat\u00ed \u017eiadosti o vymazanie osobn\u00fdch \u00fadajov spolo\u010dnos\u0165ou Danmar Computers Sp. z o.o. bud\u00fa predmetn\u00e9 osobn\u00e9 \u00fadaje bez zbyto\u010dn\u00e9ho odkladu uzamknut\u00e9 a pr\u00edstup k slu\u017ebe u\u017e nebude mo\u017en\u00fd. Osobn\u00e9 \u00fadaje sa bud\u00fa uchov\u00e1va\u0165 a\u017e 30 kalend\u00e1rnych dn\u00ed, \u010do umo\u017en\u00ed ich obnovenie v pr\u00edpade, \u017ee bola \u017eiados\u0165 o deaktiv\u00e1ciu \u00fa\u010dtu podan\u00e1 omylom. Po 30 kalend\u00e1rnych d\u0148och u\u017e nebude mo\u017en\u00e9 obnovenie osobn\u00fdch \u00fadajov.<\/p>\n<p>Ur\u010dit\u00fd obsah sa neodstr\u00e1ni, aby sa zachovali prebiehaj\u00face aktivity a aby sa predi\u0161lo nejasnostiam pre ostatn\u00fdch pou\u017e\u00edvate\u013eov. Patria sem v\u0161etky inform\u00e1cie, ktor\u00e9 boli doteraz poskytnut\u00e9 a zadan\u00e9 do slu\u017eby (napr\u00edklad spr\u00e1vy alebo s\u00fabory). Po deaktiv\u00e1cii \u00fa\u010dtu bud\u00fa tieto inform\u00e1cie ozna\u010den\u00e9 ako \u201eDeaktivovan\u00fd pou\u017e\u00edvate\u013e\u201c. Pred \u017eiados\u0165ou o deaktiv\u00e1ciu \u00fa\u010dtu je mo\u017en\u00e9 vy\u0161\u0161ie uveden\u00fd obsah manu\u00e1lne odstr\u00e1ni\u0165.<\/p>\n<p><strong>Deti<\/strong><\/p>\n<p>Slu\u017eba nie je ur\u010den\u00e1 de\u0165om mlad\u0161\u00edm ako 18 rokov a nie je navrhnut\u00e1 tak, aby up\u00fatala ich pozornos\u0165. Spolo\u010dnos\u0165 Danmar Computers Sp. z o.o. nezhroma\u017e\u010fuje osobn\u00e9 \u00fadaje od det\u00ed mlad\u0161\u00edch ako 18 rokov a v niektor\u00fdch jurisdikci\u00e1ch od det\u00ed vo veku 18 rokov z\u00e1mern\u00fdm a \u00famyseln\u00fdm sp\u00f4sobom. Odpor\u00fa\u010dame rodi\u010dom, aby sa zauj\u00edmali o internetov\u00fa aktivitu svojich det\u00ed, aby sa zaru\u010dilo, \u017ee od det\u00ed nebud\u00fa z\u00edskan\u00e9 \u017eiadne inform\u00e1cie bez s\u00fahlasu rodi\u010dov.<\/p>\n<p><strong>Bezpe\u010dnos\u0165<\/strong><\/p>\n<p>Danmar Computers Sp. z o.o. pou\u017e\u00edva technick\u00e9 a organiza\u010dn\u00e9 prostriedky na ochranu osobn\u00fdch \u00fadajov zhroma\u017eden\u00fdch spolo\u010dnos\u0165ou Danmar Computers Sp. z o.o. pred neopr\u00e1vnen\u00fdm pr\u00edstupom alebo nespr\u00e1vnym pou\u017eit\u00edm neopr\u00e1vnen\u00fdmi osobami. Aplikovan\u00e9 met\u00f3dy a technick\u00e9 prostriedky sa zlep\u0161uj\u00fa spolu s v\u00fdvojom nov\u00fdch technol\u00f3gi\u00ed, potrieb a dostupn\u00fdch met\u00f3d ochrany.<\/p>\n<p><strong>Ochrana a uchov\u00e1vanie \u00fadajov<\/strong><\/p>\n<p>Inform\u00e1cie zhroma\u017eden\u00e9 spolo\u010dnos\u0165ou Danmar Computers Sp. z o.o. sa uchov\u00e1vaj\u00fa po primeran\u00fa dobu, aby sa umo\u017enilo ich pou\u017eitie na \u00fa\u010dely uveden\u00e9 v tejto zmluve. Spolo\u010dnos\u0165 Danmar Computers Sp. z o.o. m\u00f4\u017ee vyu\u017e\u00edva\u0165 slu\u017eby tret\u00edch str\u00e1n (spolo\u010dnost\u00ed) s cie\u013eom zhroma\u017e\u010fova\u0165 a uchov\u00e1va\u0165 zhroma\u017eden\u00e9 inform\u00e1cie vo svojom mene. V\u0161etky tak\u00e9to spolo\u010dnosti bud\u00fa musie\u0165 sp\u013a\u0148a\u0165 po\u017eiadavky t\u00fdchto z\u00e1sad ochrany osobn\u00fdch \u00fadajov.<\/p>\n<p><strong>Zmeny v t\u00fdchto z\u00e1sad\u00e1ch ochrany osobn\u00fdch \u00fadajov<\/strong><\/p>\n<p>Spolo\u010dnos\u0165 Danmar Computers Sp. z o.o. si vyhradzuje pr\u00e1vo kedyko\u013evek zmeni\u0165 tieto z\u00e1sady ochrany osobn\u00fdch \u00fadajov. Pr\u00e1va pou\u017e\u00edvate\u013ea vypl\u00fdvaj\u00face z t\u00fdchto z\u00e1sad ochrany osobn\u00fdch \u00fadajov nebud\u00fa obmedzen\u00e9 bez s\u00fahlasu pou\u017e\u00edvate\u013ea.<\/p>\n<p>V\u0161etky zmeny t\u00fdchto z\u00e1sad ochrany osobn\u00fdch \u00fadajov bud\u00fa jasne zverejnen\u00e9 v slu\u017ebe, ktor\u00fa pon\u00faka spolo\u010dnos\u0165 Danmar Computers Sp. z o.o. Pou\u017e\u00edvatelia slu\u017eby Danmar Computers Sp. z o.o. s\u00fa viazan\u00ed aktu\u00e1lnou verziou z\u00e1sad ochrany osobn\u00fdch \u00fadajov. Predch\u00e1dzaj\u00face verzie t\u00fdchto z\u00e1sad ochrany osobn\u00fdch \u00fadajov sa uchov\u00e1vaj\u00fa v arch\u00edvoch, aby sa s nimi mohli pou\u017e\u00edvatelia v pr\u00edpade potreby obozn\u00e1mi\u0165.<\/p>\n<p><strong>Kontakt<\/strong><\/p>\n<p>V\u0161etky \u017eiadosti o pr\u00edstup k va\u0161im inform\u00e1ci\u00e1m, \u00fapravu va\u0161ich inform\u00e1ci\u00ed alebo ot\u00e1zky t\u00fdkaj\u00face sa t\u00fdchto z\u00e1sad ochrany osobn\u00fdch \u00fadajov by mali by\u0165 odoslan\u00e9 prostredn\u00edctvom n\u00e1\u0161ho\u00a0<a href=\"https:\/\/danmar-computers.com.pl\/kontakt\/\">kontaktn\u00e9ho formul\u00e1ra<\/a>,\u00a0<a href=\"mailto:dpo@danmar-computers.com.pl\">e-mailom<\/a>\u00a0alebo p\u00edsomne na nasleduj\u00facu adresu:<\/p>\n<p><strong>Danmar Computers Sp. z o.o.<\/strong><\/p>\n<p>Grunwaldzka 16C<\/p>\n<p>35-068 Rzeszow<\/p>\n<p>Po\u013esko<\/p>","protected":false},"excerpt":{"rendered":"<p>Pod\u013ea eur\u00f3pskeho z\u00e1kona o ochrane osobn\u00fdch \u00fadajov \u2013 v\u0161eobecn\u00e9ho nariadenia o ochrane \u00fadajov (GDPR) \u2013 by sme v\u00e1s chceli informova\u0165,&hellip;&nbsp;<a href=\"https:\/\/platform.car-master.eu\/sk\/car-master-privacy-policy\/\" rel=\"bookmark\">\u010c\u00edta\u0165 viac &raquo;<span class=\"screen-reader-text\">CAR Master z\u00e1sady ochrany osobn\u00fdch \u00fadajov<\/span><\/a><\/p>\n","protected":false},"author":1,"featured_media":0,"parent":0,"menu_order":0,"comment_status":"closed","ping_status":"closed","template":"","meta":{"neve_meta_sidebar":"","neve_meta_container":"","neve_meta_enable_content_width":"off","neve_meta_content_width":100,"neve_meta_title_alignment":"","neve_meta_author_avatar":"","neve_post_elements_order":"","neve_meta_disable_header":"","neve_meta_disable_footer":"","neve_meta_disable_title":"","footnotes":""},"class_list":["post-586","page","type-page","status-publish","hentry"],"_links":{"self":[{"href":"https:\/\/platform.car-master.eu\/sk\/wp-json\/wp\/v2\/pages\/586","targetHints":{"allow":["GET"]}}],"collection":[{"href":"https:\/\/platform.car-master.eu\/sk\/wp-json\/wp\/v2\/pages"}],"about":[{"href":"https:\/\/platform.car-master.eu\/sk\/wp-json\/wp\/v2\/types\/page"}],"author":[{"embeddable":true,"href":"https:\/\/platform.car-master.eu\/sk\/wp-json\/wp\/v2\/users\/1"}],"replies":[{"embeddable":true,"href":"https:\/\/platform.car-master.eu\/sk\/wp-json\/wp\/v2\/comments?post=586"}],"version-history":[{"count":3,"href":"https:\/\/platform.car-master.eu\/sk\/wp-json\/wp\/v2\/pages\/586\/revisions"}],"predecessor-version":[{"id":1004,"href":"https:\/\/platform.car-master.eu\/sk\/wp-json\/wp\/v2\/pages\/586\/revisions\/1004"}],"wp:attachment":[{"href":"https:\/\/platform.car-master.eu\/sk\/wp-json\/wp\/v2\/media?parent=586"}],"curies":[{"name":"wp","href":"https:\/\/api.w.org\/{rel}","templated":true}]}}